{"id":14,"date":"2025-09-03T19:07:12","date_gmt":"2025-09-03T19:07:12","guid":{"rendered":"https:\/\/www.vedessa.fi\/?page_id=14"},"modified":"2026-02-25T09:56:55","modified_gmt":"2026-02-25T07:56:55","slug":"contact","status":"publish","type":"page","link":"http:\/\/www.vedessa.fi\/en\/contact\/","title":{"rendered":"Contact"},"content":{"rendered":"\n<div class=\"wp-block-columns alignfull is-layout-flex wp-container-core-columns-is-layout-28f84493 wp-block-columns-is-layout-flex\">\n<div class=\"wp-block-column is-layout-flow wp-block-column-is-layout-flow\"><\/div>\n<\/div>\n\n\n\n<div class=\"wp-block-columns container is-layout-flex wp-container-core-columns-is-layout-28f84493 wp-block-columns-is-layout-flex\">\n<div class=\"wp-block-column is-vertically-aligned-center is-layout-flow wp-block-column-is-layout-flow\">\n<h2 class=\"wp-block-heading hestia-title\">J\u00e4t\u00e4 viesti\u00e4<\/h2>\n\n\n<div class=\"wpforms-container wpforms-container-full wpforms-block wpforms-block-b639d2f2-5942-41f5-91d7-e83e33202d1f\" id=\"wpforms-46\"><form id=\"wpforms-form-46\" class=\"wpforms-validate wpforms-form\" data-formid=\"46\" method=\"post\" enctype=\"multipart\/form-data\" action=\"\/en\/wp-json\/wp\/v2\/pages\/14\" data-token=\"e3da5bef9d514f9f980c11e514522859\" data-token-time=\"1776377524\"><noscript class=\"wpforms-error-noscript\">Please enable JavaScript in your browser to complete this form.<\/noscript><div class=\"wpforms-field-container\"><div id=\"wpforms-46-field_0-container\" class=\"wpforms-field wpforms-field-name wpforms-one-half wpforms-first\" data-field-id=\"0\"><label class=\"wpforms-field-label wpforms-label-hide\" for=\"wpforms-46-field_0\">Name <span class=\"wpforms-required-label\">*<\/span><\/label><input type=\"text\" id=\"wpforms-46-field_0\" class=\"wpforms-field-large wpforms-field-required\" name=\"wpforms[fields][0]\" placeholder=\"Your Name\" required><\/div><div id=\"wpforms-46-field_3-container\" class=\"wpforms-field wpforms-field-email wpforms-one-half\" data-field-id=\"3\"><label class=\"wpforms-field-label wpforms-label-hide\" for=\"wpforms-46-field_3\">Email <span class=\"wpforms-required-label\">*<\/span><\/label><input type=\"email\" id=\"wpforms-46-field_3\" class=\"wpforms-field-large wpforms-field-required\" name=\"wpforms[fields][3]\" placeholder=\"Your Email\" spellcheck=\"false\" required><\/div><div id=\"wpforms-46-field_4-container\" class=\"wpforms-field wpforms-field-text\" data-field-id=\"4\"><label class=\"wpforms-field-label wpforms-label-hide\" for=\"wpforms-46-field_4\">Subject<\/label><input type=\"text\" id=\"wpforms-46-field_4\" class=\"wpforms-field-large\" name=\"wpforms[fields][4]\" placeholder=\"Subject\" ><\/div><div id=\"wpforms-46-field_2-container\" class=\"wpforms-field wpforms-field-textarea\" data-field-id=\"2\"><label class=\"wpforms-field-label wpforms-label-hide\" for=\"wpforms-46-field_2\">Message <span class=\"wpforms-required-label\">*<\/span><\/label><textarea id=\"wpforms-46-field_2\" class=\"wpforms-field-medium wpforms-field-required\" name=\"wpforms[fields][2]\" placeholder=\"Your Message\" required><\/textarea><\/div>\t\t<div id=\"wpforms-46-field_1-container\"\n\t\t\tclass=\"wpforms-field wpforms-field-text\"\n\t\t\tdata-field-type=\"text\"\n\t\t\tdata-field-id=\"1\"\n\t\t\t>\n\t\t\t<label class=\"wpforms-field-label\" for=\"wpforms-46-field_1\" >Message tallentamisen tietojeni<\/label>\n\t\t\t<input type=\"text\" id=\"wpforms-46-field_1\" class=\"wpforms-field-medium\" name=\"wpforms[fields][1]\" >\n\t\t<\/div>\n\t\t<div id=\"wpforms-46-field_6-container\" class=\"wpforms-field wpforms-field-gdpr-checkbox\" data-field-id=\"6\"><label class=\"wpforms-field-label\">Hyv\u00e4ksyn tietojeni tallentamisen <span class=\"wpforms-required-label\">*<\/span><\/label><ul id=\"wpforms-46-field_6\" class=\"wpforms-field-required\"><li class=\"choice-1\"><input type=\"checkbox\" id=\"wpforms-46-field_6_1\" name=\"wpforms[fields][6][]\" value=\"Hyv\u00e4ksyn sivuston tallentavan sy\u00f6tetyt tiedot, vastaamista varten.\" required ><label class=\"wpforms-field-label-inline\" for=\"wpforms-46-field_6_1\">Hyv\u00e4ksyn sivuston tallentavan sy\u00f6tetyt tiedot, vastaamista varten.<\/label><\/li><\/ul><\/div><script>\n\t\t\t\t( function() {\n\t\t\t\t\tconst style = document.createElement( 'style' );\n\t\t\t\t\tstyle.appendChild( document.createTextNode( '#wpforms-46-field_1-container { position: absolute !important; overflow: hidden !important; display: inline !important; height: 1px !important; width: 1px !important; z-index: -1000 !important; padding: 0 !important; } #wpforms-46-field_1-container input { visibility: hidden; } #wpforms-conversational-form-page #wpforms-46-field_1-container label { counter-increment: none; }' ) );\n\t\t\t\t\tdocument.head.appendChild( style );\n\t\t\t\t\tdocument.currentScript?.remove();\n\t\t\t\t} )();\n\t\t\t<\/script><\/div><!-- .wpforms-field-container --><div class=\"wpforms-submit-container\" ><input type=\"hidden\" name=\"wpforms[id]\" value=\"46\"><input type=\"hidden\" name=\"page_title\" value=\"\"><input type=\"hidden\" name=\"page_url\" value=\"http:\/\/www.vedessa.fi\/en\/wp-json\/wp\/v2\/pages\/14\"><input type=\"hidden\" name=\"url_referer\" value=\"\"><button type=\"submit\" name=\"wpforms[submit]\" id=\"wpforms-submit-46\" class=\"wpforms-submit\" data-alt-text=\"Sending...\" data-submit-text=\"Send message\" aria-live=\"assertive\" value=\"wpforms-submit\">Send message<\/button><\/div><\/form><\/div>  <!-- .wpforms-container --><\/div>\n\n\n\n<div class=\"wp-block-column is-vertically-aligned-center is-layout-flow wp-block-column-is-layout-flow\">\n<div class=\"wp-block-columns is-layout-flex wp-container-core-columns-is-layout-28f84493 wp-block-columns-is-layout-flex\">\n<div class=\"wp-block-column is-layout-flow wp-block-column-is-layout-flow\"><\/div>\n\n\n\n<div class=\"wp-block-column is-layout-flow wp-block-column-is-layout-flow\" style=\"flex-basis:50%\">\n<h4 class=\"wp-block-heading has-text-align-left hestia-title has-text-color\" style=\"color:#3c4858;font-size:18px\"><img data-opt-id=1782859556  fetchpriority=\"high\" decoding=\"async\" class=\"wp-image-86\" style=\"width: 25px;\" src=\"https:\/\/mlvksqtuqlc7.i.optimole.com\/w:auto\/h:auto\/q:mauto\/g:sm\/f:best\/https:\/\/www.vedessa.fi\/wp-content\/themes\/hestia\/assets\/img\/contact1.png\" alt=\"Map icon\"> <strong>L\u00e4hiopetusta Oulun seudulla<\/strong><\/h4>\n\n\n\n<div style=\"height:40px\" aria-hidden=\"true\" class=\"wp-block-spacer\"><\/div>\n\n\n\n<h4 class=\"wp-block-heading has-text-align-left hestia-title has-text-color\" style=\"color:#3c4858;font-size:18px\"><img data-opt-id=1975870398  fetchpriority=\"high\" decoding=\"async\" class=\"wp-image-98\" style=\"width: 25px;\" src=\"https:\/\/mlvksqtuqlc7.i.optimole.com\/w:auto\/h:auto\/q:mauto\/g:sm\/f:best\/https:\/\/www.vedessa.fi\/wp-content\/themes\/hestia\/assets\/img\/contact2.png\" alt=\"\">  <strong><strong>L\u00e4hesty meit\u00e4 s\u00e4hk\u00f6postilla<\/strong><\/strong><\/h4>\n\n\n\n<p class=\"has-text-align-left has-text-color\" style=\"color:#999999;font-size:14px\">info (at) vedessa.fi<\/p>\n\n\n\n<div style=\"height:40px\" aria-hidden=\"true\" class=\"wp-block-spacer\"><\/div>\n\n\n\n<h4 class=\"wp-block-heading has-text-align-left hestia-title has-text-color\" style=\"color:#3c4858;font-size:18px\"><img data-opt-id=1001446186  data-opt-src=\"https:\/\/mlvksqtuqlc7.i.optimole.com\/w:auto\/h:auto\/q:mauto\/g:sm\/f:best\/https:\/\/www.vedessa.fi\/wp-content\/themes\/hestia\/assets\/img\/contact3.png\"  decoding=\"async\" class=\"wp-image-105\" style=\"width: 25px;\" src=\"data:image/svg+xml,%3Csvg%20viewBox%3D%220%200%20100%%20100%%22%20width%3D%22100%%22%20height%3D%22100%%22%20xmlns%3D%22http%3A%2F%2Fwww.w3.org%2F2000%2Fsvg%22%3E%3Crect%20width%3D%22100%%22%20height%3D%22100%%22%20fill%3D%22transparent%22%2F%3E%3C%2Fsvg%3E\" alt=\"\"><strong><strong> Yrityksen tiedot<\/strong><\/strong><\/h4>\n\n\n\n<p class=\"has-text-align-left has-text-color\" style=\"color:#999999;font-size:14px\">Vedess\u00e4<br>3578038-5<br><br><\/p>\n\n\n\n<figure class=\"wp-block-image size-full\"><img data-opt-id=718395230  data-opt-src=\"https:\/\/mlvksqtuqlc7.i.optimole.com\/w:auto\/h:auto\/q:mauto\/g:sm\/f:best\/https:\/\/www.vedessa.fi\/wp-content\/uploads\/2025\/09\/logo_with-wavyslogan.png\"  decoding=\"async\" width=\"1024\" height=\"1024\" src=\"data:image/svg+xml,%3Csvg%20viewBox%3D%220%200%20100%%20100%%22%20width%3D%22100%%22%20height%3D%22100%%22%20xmlns%3D%22http%3A%2F%2Fwww.w3.org%2F2000%2Fsvg%22%3E%3Crect%20width%3D%22100%%22%20height%3D%22100%%22%20fill%3D%22transparent%22%2F%3E%3C%2Fsvg%3E\" alt=\"Vedess\u00e4 logo\" class=\"wp-image-77\" old-srcset=\"https:\/\/mlvksqtuqlc7.i.optimole.com\/w:1024\/h:1024\/q:mauto\/g:sm\/f:best\/https:\/\/www.vedessa.fi\/wp-content\/uploads\/2025\/09\/logo_with-wavyslogan.png 1024w, https:\/\/mlvksqtuqlc7.i.optimole.com\/w:300\/h:300\/q:mauto\/g:sm\/f:best\/https:\/\/www.vedessa.fi\/wp-content\/uploads\/2025\/09\/logo_with-wavyslogan.png 300w, https:\/\/mlvksqtuqlc7.i.optimole.com\/w:150\/h:150\/q:mauto\/g:sm\/f:best\/https:\/\/www.vedessa.fi\/wp-content\/uploads\/2025\/09\/logo_with-wavyslogan.png 150w, https:\/\/mlvksqtuqlc7.i.optimole.com\/w:768\/h:768\/q:mauto\/g:sm\/f:best\/https:\/\/www.vedessa.fi\/wp-content\/uploads\/2025\/09\/logo_with-wavyslogan.png 768w, https:\/\/mlvksqtuqlc7.i.optimole.com\/w:12\/h:12\/q:mauto\/g:sm\/f:best\/dpr:2\/https:\/\/www.vedessa.fi\/wp-content\/uploads\/2025\/09\/logo_with-wavyslogan.png 12w\" \/><\/figure>\n<\/div>\n\n\n\n<div class=\"wp-block-column is-layout-flow wp-block-column-is-layout-flow\"><\/div>\n<\/div>\n<\/div>\n<\/div>\n\n\n\n<p><\/p>\n","protected":false},"excerpt":{"rendered":"<p>J\u00e4t\u00e4 viesti\u00e4 L\u00e4hiopetusta Oulun seudulla L\u00e4hesty meit\u00e4 s\u00e4hk\u00f6postilla info (at) vedessa.fi Yrityksen tiedot Vedess\u00e43578038-5<\/p>","protected":false},"author":1,"featured_media":36,"parent":0,"menu_order":0,"comment_status":"closed","ping_status":"closed","template":"page-templates\/template-pagebuilder-full-width.php","meta":{"_themeisle_gutenberg_block_has_review":false,"footnotes":""},"class_list":["post-14","page","type-page","status-publish","has-post-thumbnail","hentry"],"yoast_head":"<!-- This site is optimized with the Yoast SEO plugin v27.4 - https:\/\/yoast.com\/product\/yoast-seo-wordpress\/ -->\n<title>Vedess\u00e4 yhteystiedot Oulu | Ota yhteytt\u00e4 aikuisten uimaopetukseen<\/title>\n<meta name=\"description\" content=\"Ota yhteytt\u00e4 Vedess\u00e4.fi Oulussa. L\u00f6yd\u00e4t t\u00e4\u00e4lt\u00e4 yhteystiedot ja voit kysy\u00e4 lis\u00e4\u00e4 aikuisten uimaopetuksesta, kursseista ja vesipelon voittamisesta.\" \/>\n<meta name=\"robots\" content=\"index, follow, max-snippet:-1, max-image-preview:large, max-video-preview:-1\" \/>\n<link rel=\"canonical\" href=\"https:\/\/www.vedessa.fi\/en\/contact\/\" \/>\n<meta property=\"og:locale\" content=\"en_US\" \/>\n<meta property=\"og:type\" content=\"article\" \/>\n<meta property=\"og:title\" content=\"Vedess\u00e4 yhteystiedot Oulu | Ota yhteytt\u00e4 aikuisten uimaopetukseen\" \/>\n<meta property=\"og:description\" content=\"Ota yhteytt\u00e4 Vedess\u00e4.fi Oulussa. L\u00f6yd\u00e4t t\u00e4\u00e4lt\u00e4 yhteystiedot ja voit kysy\u00e4 lis\u00e4\u00e4 aikuisten uimaopetuksesta, kursseista ja vesipelon voittamisesta.\" \/>\n<meta property=\"og:url\" content=\"https:\/\/www.vedessa.fi\/en\/contact\/\" \/>\n<meta property=\"og:site_name\" content=\"Vedess&auml;\" \/>\n<meta property=\"article:modified_time\" content=\"2026-02-25T07:56:55+00:00\" \/>\n<meta property=\"og:image\" content=\"https:\/\/mlvksqtuqlc7.i.optimole.com\/w:auto\/h:auto\/q:mauto\/g:sm\/f:best\/https:\/\/www.vedessa.fi\/wp-content\/uploads\/2025\/09\/logo_with-wavyslogan.png\" \/>\n\t<meta property=\"og:image:width\" content=\"1024\" \/>\n\t<meta property=\"og:image:height\" content=\"1024\" \/>\n\t<meta property=\"og:image:type\" content=\"image\/png\" \/>\n<meta name=\"twitter:card\" content=\"summary_large_image\" \/>\n<meta name=\"twitter:label1\" content=\"Est. reading time\" \/>\n\t<meta name=\"twitter:data1\" content=\"2 minutes\" \/>\n<script type=\"application\/ld+json\" class=\"yoast-schema-graph\">{\"@context\":\"https:\\\/\\\/schema.org\",\"@graph\":[{\"@type\":\"WebPage\",\"@id\":\"https:\\\/\\\/www.vedessa.fi\\\/contact\\\/\",\"url\":\"https:\\\/\\\/www.vedessa.fi\\\/contact\\\/\",\"name\":\"Vedess\u00e4 yhteystiedot Oulu | Ota yhteytt\u00e4 aikuisten uimaopetukseen\",\"isPartOf\":{\"@id\":\"https:\\\/\\\/www.vedessa.fi\\\/#website\"},\"primaryImageOfPage\":{\"@id\":\"https:\\\/\\\/www.vedessa.fi\\\/contact\\\/#primaryimage\"},\"image\":{\"@id\":\"https:\\\/\\\/www.vedessa.fi\\\/contact\\\/#primaryimage\"},\"thumbnailUrl\":\"https:\\/\\/www.vedessa.fi\\/wp-content\\/uploads\\/2025\\/09\\/rauhallinen-vesi.jpg\",\"datePublished\":\"2025-09-03T19:07:12+00:00\",\"dateModified\":\"2026-02-25T07:56:55+00:00\",\"description\":\"Ota yhteytt\u00e4 Vedess\u00e4.fi Oulussa. L\u00f6yd\u00e4t t\u00e4\u00e4lt\u00e4 yhteystiedot ja voit kysy\u00e4 lis\u00e4\u00e4 aikuisten uimaopetuksesta, kursseista ja vesipelon voittamisesta.\",\"breadcrumb\":{\"@id\":\"https:\\\/\\\/www.vedessa.fi\\\/contact\\\/#breadcrumb\"},\"inLanguage\":\"en-US\",\"potentialAction\":[{\"@type\":\"ReadAction\",\"target\":[\"https:\\\/\\\/www.vedessa.fi\\\/contact\\\/\"]}]},{\"@type\":\"ImageObject\",\"inLanguage\":\"en-US\",\"@id\":\"https:\\\/\\\/www.vedessa.fi\\\/contact\\\/#primaryimage\",\"url\":\"https:\\/\\/www.vedessa.fi\\/wp-content\\/uploads\\/2025\\/09\\/rauhallinen-vesi.jpg\",\"contentUrl\":\"https:\\/\\/www.vedessa.fi\\/wp-content\\/uploads\\/2025\\/09\\/rauhallinen-vesi.jpg\",\"width\":1339,\"height\":746},{\"@type\":\"BreadcrumbList\",\"@id\":\"https:\\\/\\\/www.vedessa.fi\\\/contact\\\/#breadcrumb\",\"itemListElement\":[{\"@type\":\"ListItem\",\"position\":1,\"name\":\"Etusivu\",\"item\":\"https:\\\/\\\/www.vedessa.fi\\\/\"},{\"@type\":\"ListItem\",\"position\":2,\"name\":\"Yhteys\"}]},{\"@type\":\"WebSite\",\"@id\":\"https:\\\/\\\/www.vedessa.fi\\\/#website\",\"url\":\"https:\\\/\\\/www.vedessa.fi\\\/\",\"name\":\"Vedessa.fi\",\"description\":\"Vedess&auml; on hyv&auml; olla\",\"publisher\":{\"@id\":\"https:\\\/\\\/www.vedessa.fi\\\/#organization\"},\"potentialAction\":[{\"@type\":\"SearchAction\",\"target\":{\"@type\":\"EntryPoint\",\"urlTemplate\":\"https:\\\/\\\/www.vedessa.fi\\\/?s={search_term_string}\"},\"query-input\":{\"@type\":\"PropertyValueSpecification\",\"valueRequired\":true,\"valueName\":\"search_term_string\"}}],\"inLanguage\":\"en-US\"},{\"@type\":\"Organization\",\"@id\":\"https:\\\/\\\/www.vedessa.fi\\\/#organization\",\"name\":\"Vedessa.fi\",\"url\":\"https:\\\/\\\/www.vedessa.fi\\\/\",\"logo\":{\"@type\":\"ImageObject\",\"inLanguage\":\"en-US\",\"@id\":\"https:\\\/\\\/www.vedessa.fi\\\/#\\\/schema\\\/logo\\\/image\\\/\",\"url\":\"https:\\/\\/www.vedessa.fi\\/wp-content\\/uploads\\/2025\\/09\\/cropped-vedessa_logo.png\",\"contentUrl\":\"https:\\/\\/www.vedessa.fi\\/wp-content\\/uploads\\/2025\\/09\\/cropped-vedessa_logo.png\",\"width\":1024,\"height\":683,\"caption\":\"Vedessa.fi\"},\"image\":{\"@id\":\"https:\\\/\\\/www.vedessa.fi\\\/#\\\/schema\\\/logo\\\/image\\\/\"}}]}<\/script>\n<!-- \/ Yoast SEO plugin. -->","yoast_head_json":{"title":"Vedess\u00e4 yhteystiedot Oulu | Ota yhteytt\u00e4 aikuisten uimaopetukseen","description":"Ota yhteytt\u00e4 Vedess\u00e4.fi Oulussa. L\u00f6yd\u00e4t t\u00e4\u00e4lt\u00e4 yhteystiedot ja voit kysy\u00e4 lis\u00e4\u00e4 aikuisten uimaopetuksesta, kursseista ja vesipelon voittamisesta.","robots":{"index":"index","follow":"follow","max-snippet":"max-snippet:-1","max-image-preview":"max-image-preview:large","max-video-preview":"max-video-preview:-1"},"canonical":"https:\/\/www.vedessa.fi\/en\/contact\/","og_locale":"en_US","og_type":"article","og_title":"Vedess\u00e4 yhteystiedot Oulu | Ota yhteytt\u00e4 aikuisten uimaopetukseen","og_description":"Ota yhteytt\u00e4 Vedess\u00e4.fi Oulussa. L\u00f6yd\u00e4t t\u00e4\u00e4lt\u00e4 yhteystiedot ja voit kysy\u00e4 lis\u00e4\u00e4 aikuisten uimaopetuksesta, kursseista ja vesipelon voittamisesta.","og_url":"https:\/\/www.vedessa.fi\/en\/contact\/","og_site_name":"Vedess&auml;","article_modified_time":"2026-02-25T07:56:55+00:00","og_image":[{"width":1024,"height":1024,"url":"https:\/\/mlvksqtuqlc7.i.optimole.com\/w:auto\/h:auto\/q:mauto\/g:sm\/f:best\/https:\/\/www.vedessa.fi\/wp-content\/uploads\/2025\/09\/logo_with-wavyslogan.png","type":"image\/png"}],"twitter_card":"summary_large_image","twitter_misc":{"Est. reading time":"2 minutes"},"schema":{"@context":"https:\/\/schema.org","@graph":[{"@type":"WebPage","@id":"https:\/\/www.vedessa.fi\/contact\/","url":"https:\/\/www.vedessa.fi\/contact\/","name":"Vedess\u00e4 yhteystiedot Oulu | Ota yhteytt\u00e4 aikuisten uimaopetukseen","isPartOf":{"@id":"https:\/\/www.vedessa.fi\/#website"},"primaryImageOfPage":{"@id":"https:\/\/www.vedessa.fi\/contact\/#primaryimage"},"image":{"@id":"https:\/\/www.vedessa.fi\/contact\/#primaryimage"},"thumbnailUrl":"https:\/\/mlvksqtuqlc7.i.optimole.com\/w:auto\/h:auto\/q:mauto\/g:sm\/f:best\/https:\/\/www.vedessa.fi\/wp-content\/uploads\/2025\/09\/rauhallinen-vesi.jpg","datePublished":"2025-09-03T19:07:12+00:00","dateModified":"2026-02-25T07:56:55+00:00","description":"Ota yhteytt\u00e4 Vedess\u00e4.fi Oulussa. L\u00f6yd\u00e4t t\u00e4\u00e4lt\u00e4 yhteystiedot ja voit kysy\u00e4 lis\u00e4\u00e4 aikuisten uimaopetuksesta, kursseista ja vesipelon voittamisesta.","breadcrumb":{"@id":"https:\/\/www.vedessa.fi\/contact\/#breadcrumb"},"inLanguage":"en-US","potentialAction":[{"@type":"ReadAction","target":["https:\/\/www.vedessa.fi\/contact\/"]}]},{"@type":"ImageObject","inLanguage":"en-US","@id":"https:\/\/www.vedessa.fi\/contact\/#primaryimage","url":"https:\/\/mlvksqtuqlc7.i.optimole.com\/w:auto\/h:auto\/q:mauto\/g:sm\/f:best\/https:\/\/www.vedessa.fi\/wp-content\/uploads\/2025\/09\/rauhallinen-vesi.jpg","contentUrl":"https:\/\/mlvksqtuqlc7.i.optimole.com\/w:auto\/h:auto\/q:mauto\/g:sm\/f:best\/https:\/\/www.vedessa.fi\/wp-content\/uploads\/2025\/09\/rauhallinen-vesi.jpg","width":1339,"height":746},{"@type":"BreadcrumbList","@id":"https:\/\/www.vedessa.fi\/contact\/#breadcrumb","itemListElement":[{"@type":"ListItem","position":1,"name":"Etusivu","item":"https:\/\/www.vedessa.fi\/"},{"@type":"ListItem","position":2,"name":"Yhteys"}]},{"@type":"WebSite","@id":"https:\/\/www.vedessa.fi\/#website","url":"https:\/\/www.vedessa.fi\/","name":"Vedessa.fi","description":"In the water, everything feels right","publisher":{"@id":"https:\/\/www.vedessa.fi\/#organization"},"potentialAction":[{"@type":"SearchAction","target":{"@type":"EntryPoint","urlTemplate":"https:\/\/www.vedessa.fi\/?s={search_term_string}"},"query-input":{"@type":"PropertyValueSpecification","valueRequired":true,"valueName":"search_term_string"}}],"inLanguage":"en-US"},{"@type":"Organization","@id":"https:\/\/www.vedessa.fi\/#organization","name":"Vedessa.fi","url":"https:\/\/www.vedessa.fi\/","logo":{"@type":"ImageObject","inLanguage":"en-US","@id":"https:\/\/www.vedessa.fi\/#\/schema\/logo\/image\/","url":"https:\/\/mlvksqtuqlc7.i.optimole.com\/w:auto\/h:auto\/q:mauto\/g:sm\/f:best\/https:\/\/www.vedessa.fi\/wp-content\/uploads\/2025\/09\/cropped-vedessa_logo.png","contentUrl":"https:\/\/mlvksqtuqlc7.i.optimole.com\/w:auto\/h:auto\/q:mauto\/g:sm\/f:best\/https:\/\/www.vedessa.fi\/wp-content\/uploads\/2025\/09\/cropped-vedessa_logo.png","width":1024,"height":683,"caption":"Vedessa.fi"},"image":{"@id":"https:\/\/www.vedessa.fi\/#\/schema\/logo\/image\/"}}]}},"_links":{"self":[{"href":"http:\/\/www.vedessa.fi\/en\/wp-json\/wp\/v2\/pages\/14","targetHints":{"allow":["GET"]}}],"collection":[{"href":"http:\/\/www.vedessa.fi\/en\/wp-json\/wp\/v2\/pages"}],"about":[{"href":"http:\/\/www.vedessa.fi\/en\/wp-json\/wp\/v2\/types\/page"}],"author":[{"embeddable":true,"href":"http:\/\/www.vedessa.fi\/en\/wp-json\/wp\/v2\/users\/1"}],"replies":[{"embeddable":true,"href":"http:\/\/www.vedessa.fi\/en\/wp-json\/wp\/v2\/comments?post=14"}],"version-history":[{"count":7,"href":"http:\/\/www.vedessa.fi\/en\/wp-json\/wp\/v2\/pages\/14\/revisions"}],"predecessor-version":[{"id":473,"href":"http:\/\/www.vedessa.fi\/en\/wp-json\/wp\/v2\/pages\/14\/revisions\/473"}],"wp:featuredmedia":[{"embeddable":true,"href":"http:\/\/www.vedessa.fi\/en\/wp-json\/wp\/v2\/media\/36"}],"wp:attachment":[{"href":"http:\/\/www.vedessa.fi\/en\/wp-json\/wp\/v2\/media?parent=14"}],"curies":[{"name":"wp","href":"https:\/\/api.w.org\/{rel}","templated":true}]}}