{"id":129,"date":"2025-09-18T16:50:28","date_gmt":"2025-09-18T16:50:28","guid":{"rendered":"https:\/\/www.vedessa.fi\/?page_id=129"},"modified":"2026-03-12T19:03:53","modified_gmt":"2026-03-12T17:03:53","slug":"kurssit","status":"publish","type":"page","link":"https:\/\/www.vedessa.fi\/en\/kurssit\/","title":{"rendered":"Courses"},"content":{"rendered":"<div id=\"wp-block-themeisle-blocks-advanced-columns-51b5b13b\" class=\"wp-block-themeisle-blocks-advanced-columns has-1-columns has-desktop-equal-layout has-tablet-equal-layout has-mobile-equal-layout has-vertical-unset\"><div class=\"wp-block-themeisle-blocks-advanced-columns-overlay\"><\/div><div class=\"innerblocks-wrap\">\n<div id=\"wp-block-themeisle-blocks-advanced-column-64bd2c17\" class=\"wp-block-themeisle-blocks-advanced-column\">\n<h2 id=\"wp-block-themeisle-blocks-advanced-heading-98ff3784\" class=\"wp-block-themeisle-blocks-advanced-heading wp-block-themeisle-blocks-advanced-heading-98ff3784\">Vedess\u00e4 - Courses<\/h2>\n\n\n\n<p>Vedess\u00e4 offers three different ways to learn to swim and feel more confident in the water.\nChoose the path that suits you best \u2014 calmly, at your own pace, and safely.<\/p>\n<\/div>\n<\/div><\/div>\n\n\n\n<p>Olemme kehittelem\u00e4ss\u00e4 juuri my\u00f6s paikasta riippumatonta verkko-opetusta. Jos haluat osallistua pilottiryhm\u00e4\u00e4n, laita meille <a href=\"https:\/\/www.vedessa.fi\/en\/contact\/\" type=\"page\" id=\"14\">viesti\u00e4<\/a>. Ja jos haluat auttaa meit\u00e4 kartoittamaan toiveitasi, voit osallistua siihen vastaamalla lyhyeen <a href=\"https:\/\/forms.gle\/iF1qN1h1SuWQt5w98\" type=\"link\" id=\"https:\/\/forms.gle\/iF1qN1h1SuWQt5w98\" target=\"_blank\" rel=\"noreferrer noopener nofollow\">kyselyyn<\/a>. <\/p>\n\n\n\n<p><\/p>\n\n\n\n<div id=\"wp-block-themeisle-blocks-advanced-columns-0756495c\" class=\"wp-block-themeisle-blocks-advanced-columns alignfull has-3-columns has-desktop-equal-layout has-tablet-equal-layout has-mobile-collapsedRows-layout has-vertical-unset has-light-bg\"><div class=\"wp-block-themeisle-blocks-advanced-columns-overlay\"><\/div><div class=\"innerblocks-wrap\">\n<div id=\"wp-block-themeisle-blocks-advanced-column-2b312319\" class=\"wp-block-themeisle-blocks-advanced-column has-light-bg\">\n<figure class=\"wp-block-image size-full has-custom-border\"><img data-opt-id=1287118851  fetchpriority=\"high\" decoding=\"async\" width=\"1024\" height=\"1024\" src=\"https:\/\/mlvksqtuqlc7.i.optimole.com\/w:auto\/h:auto\/q:mauto\/g:sm\/f:best\/https:\/\/www.vedessa.fi\/wp-content\/uploads\/2025\/09\/Vedessa-splash.png\" alt=\"\" class=\"wp-image-79\" style=\"border-style:none;border-width:0px;border-radius:5px\" srcset=\"https:\/\/mlvksqtuqlc7.i.optimole.com\/w:1024\/h:1024\/q:mauto\/g:sm\/f:best\/https:\/\/www.vedessa.fi\/wp-content\/uploads\/2025\/09\/Vedessa-splash.png 1024w, https:\/\/mlvksqtuqlc7.i.optimole.com\/w:300\/h:300\/q:mauto\/g:sm\/f:best\/https:\/\/www.vedessa.fi\/wp-content\/uploads\/2025\/09\/Vedessa-splash.png 300w, https:\/\/mlvksqtuqlc7.i.optimole.com\/w:150\/h:150\/q:mauto\/g:sm\/f:best\/https:\/\/www.vedessa.fi\/wp-content\/uploads\/2025\/09\/Vedessa-splash.png 150w, https:\/\/mlvksqtuqlc7.i.optimole.com\/w:768\/h:768\/q:mauto\/g:sm\/f:best\/https:\/\/www.vedessa.fi\/wp-content\/uploads\/2025\/09\/Vedessa-splash.png 768w, https:\/\/mlvksqtuqlc7.i.optimole.com\/w:12\/h:12\/q:mauto\/g:sm\/f:best\/dpr:2\/https:\/\/www.vedessa.fi\/wp-content\/uploads\/2025\/09\/Vedessa-splash.png 12w\" sizes=\"(max-width: 750px) 100vw, 750px\" \/><\/figure>\n\n\n\n<div id=\"wp-block-themeisle-blocks-advanced-columns-b27500bd\" class=\"wp-block-themeisle-blocks-advanced-columns has-1-columns has-desktop-equal-layout has-tablet-equal-layout has-mobile-equal-layout has-vertical-unset\"><div class=\"wp-block-themeisle-blocks-advanced-columns-overlay\"><\/div><div class=\"innerblocks-wrap\">\n<div id=\"wp-block-themeisle-blocks-advanced-column-e648a713\" class=\"wp-block-themeisle-blocks-advanced-column\">\n<h3 class=\"wp-block-heading has-text-color has-link-color wp-elements-354cb15a0ca4cd59d8da58a5f072f75f\" style=\"color:#070731\"><a href=\"https:\/\/www.vedessa.fi\/en\/uimaan-aikuisena-verkkokurssi\/\" data-type=\"page\" data-id=\"135\">Adult beginners- online course<\/a><\/h3>\n\n\n\n<p class=\"has-text-color has-link-color wp-elements-21defebccee6be0c39491dcd3d8455b5\" style=\"color:#070731\"><strong>Learn at your own pace \u2014 with group support.<\/strong><\/p>\n\n\n\n<p class=\"has-text-color has-link-color wp-elements-b3308b3428bbb29269292ab878e50d7c\" style=\"color:#070731\">Perfect for individuals who want to learn basic swimming skills at their own pace and practice independently. Or you live somewhere other than the Oulu region.<\/p>\n\n\n\n<h6 class=\"wp-block-heading has-text-color\" style=\"color:#fdb72b\"><a href=\"https:\/\/www.vedessa.fi\/en\/uimaan-aikuisena-verkkokurssi\/\" data-type=\"page\" data-id=\"135\">Read more<\/a><\/h6>\n<\/div>\n<\/div><\/div>\n<\/div>\n\n\n\n<div id=\"wp-block-themeisle-blocks-advanced-column-ebf67b4f\" class=\"wp-block-themeisle-blocks-advanced-column has-light-bg\">\n<figure class=\"wp-block-image size-full has-custom-border\"><img data-opt-id=1287118851  fetchpriority=\"high\" decoding=\"async\" width=\"1024\" height=\"1024\" src=\"https:\/\/mlvksqtuqlc7.i.optimole.com\/w:auto\/h:auto\/q:mauto\/g:sm\/f:best\/https:\/\/www.vedessa.fi\/wp-content\/uploads\/2025\/09\/Vedessa-splash.png\" alt=\"\" class=\"wp-image-79\" style=\"border-style:none;border-width:0px;border-radius:5px\" srcset=\"https:\/\/mlvksqtuqlc7.i.optimole.com\/w:1024\/h:1024\/q:mauto\/g:sm\/f:best\/https:\/\/www.vedessa.fi\/wp-content\/uploads\/2025\/09\/Vedessa-splash.png 1024w, https:\/\/mlvksqtuqlc7.i.optimole.com\/w:300\/h:300\/q:mauto\/g:sm\/f:best\/https:\/\/www.vedessa.fi\/wp-content\/uploads\/2025\/09\/Vedessa-splash.png 300w, https:\/\/mlvksqtuqlc7.i.optimole.com\/w:150\/h:150\/q:mauto\/g:sm\/f:best\/https:\/\/www.vedessa.fi\/wp-content\/uploads\/2025\/09\/Vedessa-splash.png 150w, https:\/\/mlvksqtuqlc7.i.optimole.com\/w:768\/h:768\/q:mauto\/g:sm\/f:best\/https:\/\/www.vedessa.fi\/wp-content\/uploads\/2025\/09\/Vedessa-splash.png 768w, https:\/\/mlvksqtuqlc7.i.optimole.com\/w:12\/h:12\/q:mauto\/g:sm\/f:best\/dpr:2\/https:\/\/www.vedessa.fi\/wp-content\/uploads\/2025\/09\/Vedessa-splash.png 12w\" sizes=\"(max-width: 750px) 100vw, 750px\" \/><\/figure>\n\n\n\n<div id=\"wp-block-themeisle-blocks-advanced-columns-d4eaefba\" class=\"wp-block-themeisle-blocks-advanced-columns has-1-columns has-desktop-equal-layout has-tablet-equal-layout has-mobile-equal-layout has-vertical-unset\"><div class=\"wp-block-themeisle-blocks-advanced-columns-overlay\"><\/div><div class=\"innerblocks-wrap\">\n<div id=\"wp-block-themeisle-blocks-advanced-column-5f943e9b\" class=\"wp-block-themeisle-blocks-advanced-column\">\n<h3 class=\"wp-block-heading has-text-color has-link-color wp-elements-2d6f10fe7c5152481863f83b8b8be9fd\" style=\"color:#070731\">Small Group Lessons<\/h3>\n\n\n\n<p class=\"has-text-color has-link-color wp-elements-2f3e47e5d56013ee4b4281a9bce47522\" style=\"color:#070731\">Lessons take place in a calm group setting, with personal guidance and peer support. Ideal for those who want to learn together with others. <\/p>\n\n\n\n<p class=\"has-text-color has-link-color wp-elements-bc11bd99892309e11dda9dd6bfdd116b\" style=\"color:#070731\">It suits you perfectly if you want to learn together with others.<\/p>\n\n\n\n<h6 class=\"wp-block-heading has-text-color\" style=\"color:#fdb72b\">To be announced later<\/h6>\n<\/div>\n<\/div><\/div>\n<\/div>\n\n\n\n<div id=\"wp-block-themeisle-blocks-advanced-column-00357d4d\" class=\"wp-block-themeisle-blocks-advanced-column has-light-bg\">\n<figure class=\"wp-block-image size-full has-custom-border\"><img data-opt-id=1287118851  fetchpriority=\"high\" decoding=\"async\" width=\"1024\" height=\"1024\" src=\"https:\/\/mlvksqtuqlc7.i.optimole.com\/w:auto\/h:auto\/q:mauto\/g:sm\/f:best\/https:\/\/www.vedessa.fi\/wp-content\/uploads\/2025\/09\/Vedessa-splash.png\" alt=\"\" class=\"wp-image-79\" style=\"border-style:none;border-width:0px;border-radius:5px\" srcset=\"https:\/\/mlvksqtuqlc7.i.optimole.com\/w:1024\/h:1024\/q:mauto\/g:sm\/f:best\/https:\/\/www.vedessa.fi\/wp-content\/uploads\/2025\/09\/Vedessa-splash.png 1024w, https:\/\/mlvksqtuqlc7.i.optimole.com\/w:300\/h:300\/q:mauto\/g:sm\/f:best\/https:\/\/www.vedessa.fi\/wp-content\/uploads\/2025\/09\/Vedessa-splash.png 300w, https:\/\/mlvksqtuqlc7.i.optimole.com\/w:150\/h:150\/q:mauto\/g:sm\/f:best\/https:\/\/www.vedessa.fi\/wp-content\/uploads\/2025\/09\/Vedessa-splash.png 150w, https:\/\/mlvksqtuqlc7.i.optimole.com\/w:768\/h:768\/q:mauto\/g:sm\/f:best\/https:\/\/www.vedessa.fi\/wp-content\/uploads\/2025\/09\/Vedessa-splash.png 768w, https:\/\/mlvksqtuqlc7.i.optimole.com\/w:12\/h:12\/q:mauto\/g:sm\/f:best\/dpr:2\/https:\/\/www.vedessa.fi\/wp-content\/uploads\/2025\/09\/Vedessa-splash.png 12w\" sizes=\"(max-width: 750px) 100vw, 750px\" \/><\/figure>\n\n\n\n<div id=\"wp-block-themeisle-blocks-advanced-columns-0a94e257\" class=\"wp-block-themeisle-blocks-advanced-columns has-1-columns has-desktop-equal-layout has-tablet-equal-layout has-mobile-equal-layout has-vertical-unset\"><div class=\"wp-block-themeisle-blocks-advanced-columns-overlay\"><\/div><div class=\"innerblocks-wrap\">\n<div id=\"wp-block-themeisle-blocks-advanced-column-c9c4c895\" class=\"wp-block-themeisle-blocks-advanced-column\">\n<h3 class=\"wp-block-heading has-text-color has-link-color wp-elements-b1bb9b589f2fc44e3374454d98553942\" style=\"color:#070731\"><a href=\"https:\/\/www.vedessa.fi\/en\/kurssit\/uinnin-kurssi-aloittelijalle\/\">Private lessons<\/a><\/h3>\n\n\n\n<p class=\"has-text-color has-link-color wp-elements-00ee455e96f61f655451a0619752b586\" style=\"color:#070731\"><strong>A fully personalized approach.<\/strong> Keskittyminen juuri sinun tarpeisiisi ja rytmiisi.<\/p>\n\n\n\n<h6 class=\"wp-block-heading has-text-color\" style=\"color:#fdb72b\"><a href=\"https:\/\/www.vedessa.fi\/en\/contact\/\" data-type=\"page\" data-id=\"14\">Contact<\/a> <\/h6>\n\n\n\n<h6 class=\"wp-block-heading has-text-color\" style=\"color:#fdb72b\"><a href=\"https:\/\/www.vedessa.fi\/en\/kurssit\/aikuisten-uimaopetus-oulu\/\" type=\"page\" id=\"161\">Targeted Swimming Course for Beginners<\/a><\/h6>\n<\/div>\n<\/div><\/div>\n<\/div>\n<\/div><\/div>\n\n\n\n<p><\/p>","protected":false},"excerpt":{"rendered":"<p>Olemme kehittelem\u00e4ss\u00e4 juuri my\u00f6s paikasta riippumatonta verkko-opetusta. Jos haluat osallistua pilottiryhm\u00e4\u00e4n, laita meille viesti\u00e4. Ja jos haluat auttaa meit\u00e4 kartoittamaan toiveitasi, voit osallistua siihen vastaamalla lyhyeen kyselyyn.<\/p>","protected":false},"author":2,"featured_media":103,"parent":0,"menu_order":0,"comment_status":"closed","ping_status":"closed","template":"","meta":{"_themeisle_gutenberg_block_has_review":false,"footnotes":""},"class_list":["post-129","page","type-page","status-publish","has-post-thumbnail","hentry"],"yoast_head":"<!-- This site is optimized with the Yoast SEO plugin v27.4 - https:\/\/yoast.com\/product\/yoast-seo-wordpress\/ -->\n<title>Aikuisten uimaopetuskurssit | Verkkokurssit ja yksityisopetus Vedess&auml;<\/title>\n<meta name=\"description\" content=\"Aikuisten uimaopetuskurssit \u2013 opi uimaan turvallisesti verkkokursseilla, pienryhmiss\u00e4 tai yksityisopetuksessa. L\u00f6yd\u00e4 rohkeus ja ilo vedess\u00e4.\" \/>\n<meta name=\"robots\" content=\"index, follow, max-snippet:-1, max-image-preview:large, max-video-preview:-1\" \/>\n<link rel=\"canonical\" href=\"https:\/\/www.vedessa.fi\/en\/kurssit\/\" \/>\n<meta property=\"og:locale\" content=\"en_US\" \/>\n<meta property=\"og:type\" content=\"article\" \/>\n<meta property=\"og:title\" content=\"Aikuisten uimaopetuskurssit Oulu | Verkkokurssit, pienryhm\u00e4t ja yksityisopetus \u2013 Vedess\u00e4\" \/>\n<meta property=\"og:description\" content=\"Aikuisten uimaopetuskurssit Oulussa \u2013 opi uimaan turvallisesti verkkokursseilla, pienryhmiss\u00e4 tai yksityisopetuksessa. L\u00f6yd\u00e4 rohkeus ja ilo vedess\u00e4.\" \/>\n<meta property=\"og:url\" content=\"https:\/\/www.vedessa.fi\/en\/kurssit\/\" \/>\n<meta property=\"og:site_name\" content=\"Vedess&auml;\" \/>\n<meta property=\"article:modified_time\" content=\"2026-03-12T17:03:53+00:00\" \/>\n<meta property=\"og:image\" content=\"https:\/\/mlvksqtuqlc7.i.optimole.com\/w:auto\/h:auto\/q:mauto\/g:sm\/f:best\/https:\/\/www.vedessa.fi\/wp-content\/uploads\/2025\/09\/Vedessa-splash.png\" \/>\n\t<meta property=\"og:image:width\" content=\"1024\" \/>\n\t<meta property=\"og:image:height\" content=\"1024\" \/>\n\t<meta property=\"og:image:type\" content=\"image\/png\" \/>\n<meta name=\"twitter:card\" content=\"summary_large_image\" \/>\n<meta name=\"twitter:label1\" content=\"Est. reading time\" \/>\n\t<meta name=\"twitter:data1\" content=\"2 minutes\" \/>\n<script type=\"application\/ld+json\" class=\"yoast-schema-graph\">{\"@context\":\"https:\\\/\\\/schema.org\",\"@graph\":[{\"@type\":\"WebPage\",\"@id\":\"https:\\\/\\\/www.vedessa.fi\\\/kurssit\\\/\",\"url\":\"https:\\\/\\\/www.vedessa.fi\\\/kurssit\\\/\",\"name\":\"Aikuisten uimaopetuskurssit | Verkkokurssit ja yksityisopetus Vedess&auml;\",\"isPartOf\":{\"@id\":\"https:\\\/\\\/www.vedessa.fi\\\/#website\"},\"primaryImageOfPage\":{\"@id\":\"https:\\\/\\\/www.vedessa.fi\\\/kurssit\\\/#primaryimage\"},\"image\":{\"@id\":\"https:\\\/\\\/www.vedessa.fi\\\/kurssit\\\/#primaryimage\"},\"thumbnailUrl\":\"https:\\/\\/www.vedessa.fi\\/wp-content\\/uploads\\/2025\\/09\\/P1320678.jpg\",\"datePublished\":\"2025-09-18T16:50:28+00:00\",\"dateModified\":\"2026-03-12T17:03:53+00:00\",\"description\":\"Aikuisten uimaopetuskurssit \u2013 opi uimaan turvallisesti verkkokursseilla, pienryhmiss\u00e4 tai yksityisopetuksessa. L\u00f6yd\u00e4 rohkeus ja ilo vedess\u00e4.\",\"breadcrumb\":{\"@id\":\"https:\\\/\\\/www.vedessa.fi\\\/kurssit\\\/#breadcrumb\"},\"inLanguage\":\"en-US\",\"potentialAction\":[{\"@type\":\"ReadAction\",\"target\":[\"https:\\\/\\\/www.vedessa.fi\\\/kurssit\\\/\"]}]},{\"@type\":\"ImageObject\",\"inLanguage\":\"en-US\",\"@id\":\"https:\\\/\\\/www.vedessa.fi\\\/kurssit\\\/#primaryimage\",\"url\":\"https:\\/\\/www.vedessa.fi\\/wp-content\\/uploads\\/2025\\/09\\/P1320678.jpg\",\"contentUrl\":\"https:\\/\\/www.vedessa.fi\\/wp-content\\/uploads\\/2025\\/09\\/P1320678.jpg\",\"width\":1833,\"height\":1091,\"caption\":\"Calm sea with sun shine\"},{\"@type\":\"BreadcrumbList\",\"@id\":\"https:\\\/\\\/www.vedessa.fi\\\/kurssit\\\/#breadcrumb\",\"itemListElement\":[{\"@type\":\"ListItem\",\"position\":1,\"name\":\"Etusivu\",\"item\":\"https:\\\/\\\/www.vedessa.fi\\\/\"},{\"@type\":\"ListItem\",\"position\":2,\"name\":\"Kurssit\"}]},{\"@type\":\"WebSite\",\"@id\":\"https:\\\/\\\/www.vedessa.fi\\\/#website\",\"url\":\"https:\\\/\\\/www.vedessa.fi\\\/\",\"name\":\"Vedessa.fi\",\"description\":\"Vedess&auml; on hyv&auml; olla\",\"publisher\":{\"@id\":\"https:\\\/\\\/www.vedessa.fi\\\/#organization\"},\"potentialAction\":[{\"@type\":\"SearchAction\",\"target\":{\"@type\":\"EntryPoint\",\"urlTemplate\":\"https:\\\/\\\/www.vedessa.fi\\\/?s={search_term_string}\"},\"query-input\":{\"@type\":\"PropertyValueSpecification\",\"valueRequired\":true,\"valueName\":\"search_term_string\"}}],\"inLanguage\":\"en-US\"},{\"@type\":\"Organization\",\"@id\":\"https:\\\/\\\/www.vedessa.fi\\\/#organization\",\"name\":\"Vedessa.fi\",\"url\":\"https:\\\/\\\/www.vedessa.fi\\\/\",\"logo\":{\"@type\":\"ImageObject\",\"inLanguage\":\"en-US\",\"@id\":\"https:\\\/\\\/www.vedessa.fi\\\/#\\\/schema\\\/logo\\\/image\\\/\",\"url\":\"https:\\/\\/www.vedessa.fi\\/wp-content\\/uploads\\/2025\\/09\\/cropped-vedessa_logo.png\",\"contentUrl\":\"https:\\/\\/www.vedessa.fi\\/wp-content\\/uploads\\/2025\\/09\\/cropped-vedessa_logo.png\",\"width\":1024,\"height\":683,\"caption\":\"Vedessa.fi\"},\"image\":{\"@id\":\"https:\\\/\\\/www.vedessa.fi\\\/#\\\/schema\\\/logo\\\/image\\\/\"}}]}<\/script>\n<!-- \/ Yoast SEO plugin. -->","yoast_head_json":{"title":"Aikuisten uimaopetuskurssit | Verkkokurssit ja yksityisopetus Vedess&auml;","description":"Aikuisten uimaopetuskurssit \u2013 opi uimaan turvallisesti verkkokursseilla, pienryhmiss\u00e4 tai yksityisopetuksessa. L\u00f6yd\u00e4 rohkeus ja ilo vedess\u00e4.","robots":{"index":"index","follow":"follow","max-snippet":"max-snippet:-1","max-image-preview":"max-image-preview:large","max-video-preview":"max-video-preview:-1"},"canonical":"https:\/\/www.vedessa.fi\/en\/kurssit\/","og_locale":"en_US","og_type":"article","og_title":"Aikuisten uimaopetuskurssit Oulu | Verkkokurssit, pienryhm\u00e4t ja yksityisopetus \u2013 Vedess\u00e4","og_description":"Aikuisten uimaopetuskurssit Oulussa \u2013 opi uimaan turvallisesti verkkokursseilla, pienryhmiss\u00e4 tai yksityisopetuksessa. L\u00f6yd\u00e4 rohkeus ja ilo vedess\u00e4.","og_url":"https:\/\/www.vedessa.fi\/en\/kurssit\/","og_site_name":"Vedess&auml;","article_modified_time":"2026-03-12T17:03:53+00:00","og_image":[{"width":1024,"height":1024,"url":"https:\/\/mlvksqtuqlc7.i.optimole.com\/w:auto\/h:auto\/q:mauto\/g:sm\/f:best\/https:\/\/www.vedessa.fi\/wp-content\/uploads\/2025\/09\/Vedessa-splash.png","type":"image\/png"}],"twitter_card":"summary_large_image","twitter_misc":{"Est. reading time":"2 minutes"},"schema":{"@context":"https:\/\/schema.org","@graph":[{"@type":"WebPage","@id":"https:\/\/www.vedessa.fi\/kurssit\/","url":"https:\/\/www.vedessa.fi\/kurssit\/","name":"Aikuisten uimaopetuskurssit | Verkkokurssit ja yksityisopetus Vedess&auml;","isPartOf":{"@id":"https:\/\/www.vedessa.fi\/#website"},"primaryImageOfPage":{"@id":"https:\/\/www.vedessa.fi\/kurssit\/#primaryimage"},"image":{"@id":"https:\/\/www.vedessa.fi\/kurssit\/#primaryimage"},"thumbnailUrl":"https:\/\/mlvksqtuqlc7.i.optimole.com\/w:auto\/h:auto\/q:mauto\/g:sm\/f:best\/https:\/\/www.vedessa.fi\/wp-content\/uploads\/2025\/09\/P1320678.jpg","datePublished":"2025-09-18T16:50:28+00:00","dateModified":"2026-03-12T17:03:53+00:00","description":"Aikuisten uimaopetuskurssit \u2013 opi uimaan turvallisesti verkkokursseilla, pienryhmiss\u00e4 tai yksityisopetuksessa. L\u00f6yd\u00e4 rohkeus ja ilo vedess\u00e4.","breadcrumb":{"@id":"https:\/\/www.vedessa.fi\/kurssit\/#breadcrumb"},"inLanguage":"en-US","potentialAction":[{"@type":"ReadAction","target":["https:\/\/www.vedessa.fi\/kurssit\/"]}]},{"@type":"ImageObject","inLanguage":"en-US","@id":"https:\/\/www.vedessa.fi\/kurssit\/#primaryimage","url":"https:\/\/mlvksqtuqlc7.i.optimole.com\/w:auto\/h:auto\/q:mauto\/g:sm\/f:best\/https:\/\/www.vedessa.fi\/wp-content\/uploads\/2025\/09\/P1320678.jpg","contentUrl":"https:\/\/mlvksqtuqlc7.i.optimole.com\/w:auto\/h:auto\/q:mauto\/g:sm\/f:best\/https:\/\/www.vedessa.fi\/wp-content\/uploads\/2025\/09\/P1320678.jpg","width":1833,"height":1091,"caption":"Calm sea with sun shine"},{"@type":"BreadcrumbList","@id":"https:\/\/www.vedessa.fi\/kurssit\/#breadcrumb","itemListElement":[{"@type":"ListItem","position":1,"name":"Etusivu","item":"https:\/\/www.vedessa.fi\/"},{"@type":"ListItem","position":2,"name":"Kurssit"}]},{"@type":"WebSite","@id":"https:\/\/www.vedessa.fi\/#website","url":"https:\/\/www.vedessa.fi\/","name":"Vedessa.fi","description":"In the water, everything feels right","publisher":{"@id":"https:\/\/www.vedessa.fi\/#organization"},"potentialAction":[{"@type":"SearchAction","target":{"@type":"EntryPoint","urlTemplate":"https:\/\/www.vedessa.fi\/?s={search_term_string}"},"query-input":{"@type":"PropertyValueSpecification","valueRequired":true,"valueName":"search_term_string"}}],"inLanguage":"en-US"},{"@type":"Organization","@id":"https:\/\/www.vedessa.fi\/#organization","name":"Vedessa.fi","url":"https:\/\/www.vedessa.fi\/","logo":{"@type":"ImageObject","inLanguage":"en-US","@id":"https:\/\/www.vedessa.fi\/#\/schema\/logo\/image\/","url":"https:\/\/mlvksqtuqlc7.i.optimole.com\/w:auto\/h:auto\/q:mauto\/g:sm\/f:best\/https:\/\/www.vedessa.fi\/wp-content\/uploads\/2025\/09\/cropped-vedessa_logo.png","contentUrl":"https:\/\/mlvksqtuqlc7.i.optimole.com\/w:auto\/h:auto\/q:mauto\/g:sm\/f:best\/https:\/\/www.vedessa.fi\/wp-content\/uploads\/2025\/09\/cropped-vedessa_logo.png","width":1024,"height":683,"caption":"Vedessa.fi"},"image":{"@id":"https:\/\/www.vedessa.fi\/#\/schema\/logo\/image\/"}}]}},"_links":{"self":[{"href":"https:\/\/www.vedessa.fi\/en\/wp-json\/wp\/v2\/pages\/129","targetHints":{"allow":["GET"]}}],"collection":[{"href":"https:\/\/www.vedessa.fi\/en\/wp-json\/wp\/v2\/pages"}],"about":[{"href":"https:\/\/www.vedessa.fi\/en\/wp-json\/wp\/v2\/types\/page"}],"author":[{"embeddable":true,"href":"https:\/\/www.vedessa.fi\/en\/wp-json\/wp\/v2\/users\/2"}],"replies":[{"embeddable":true,"href":"https:\/\/www.vedessa.fi\/en\/wp-json\/wp\/v2\/comments?post=129"}],"version-history":[{"count":12,"href":"https:\/\/www.vedessa.fi\/en\/wp-json\/wp\/v2\/pages\/129\/revisions"}],"predecessor-version":[{"id":539,"href":"https:\/\/www.vedessa.fi\/en\/wp-json\/wp\/v2\/pages\/129\/revisions\/539"}],"wp:featuredmedia":[{"embeddable":true,"href":"https:\/\/www.vedessa.fi\/en\/wp-json\/wp\/v2\/media\/103"}],"wp:attachment":[{"href":"https:\/\/www.vedessa.fi\/en\/wp-json\/wp\/v2\/media?parent=129"}],"curies":[{"name":"wp","href":"https:\/\/api.w.org\/{rel}","templated":true}]}}