{"id":3,"date":"2025-09-03T21:14:21","date_gmt":"2025-09-03T21:14:21","guid":{"rendered":"http:\/\/www.vedessa.fi\/?page_id=3"},"modified":"2025-11-11T19:11:32","modified_gmt":"2025-11-11T17:11:32","slug":"privacy-policy","status":"publish","type":"page","link":"https:\/\/www.vedessa.fi\/en\/privacy-policy\/","title":{"rendered":"Privacy Policy"},"content":{"rendered":"\n<h2 class=\"wp-block-heading\">\ud83d\udee1\ufe0f Tietosuojaseloste<\/h2>\n\n\n\n<p>P\u00e4ivitetty: 11.11.2025<\/p>\n\n\n\n<p>Vedess\u00e4.fi on syntynyt halusta auttaa aikuisia voittamaan vedenpelko ja oppimaan uimaan turvallisesti ja lempe\u00e4sti. Tietosuoja on meille yht\u00e4 t\u00e4rke\u00e4\u00e4 kuin turvallisuus vedess\u00e4 \u2013 siksi haluamme kertoa avoimesti, miten k\u00e4sittelemme henkil\u00f6tietoja.<\/p>\n\n\n\n<h3 class=\"wp-block-heading\">1. Rekisterinpit\u00e4j\u00e4<\/h3>\n\n\n\n<p><strong><em>Vedess\u00e4<\/em><\/strong><\/p>\n\n\n\n<p>Y-tunnus: 3578038-5<\/p>\n\n\n\n<p>S\u00e4hk\u00f6posti:  info@vedessa.fi<\/p>\n\n\n\n<p>Rekisterinpit\u00e4j\u00e4ll\u00e4 ei ole fyysist\u00e4 toimipistett\u00e4. Yhteydenotot s\u00e4hk\u00f6postitse.<\/p>\n\n\n\n<h3 class=\"wp-block-heading\">2. Mit\u00e4 tietoja ker\u00e4\u00e4mme?<\/h3>\n\n\n\n<p>Ker\u00e4\u00e4mme vain sen verran tietoa kuin on tarpeen, jotta voimme palvella sinua hyvin ja kehitt\u00e4\u00e4 toimintaamme. Tiedot voivat sis\u00e4lt\u00e4\u00e4:<\/p>\n\n\n\n<ul class=\"wp-block-list\">\n<li><strong>Uutiskirjeen tilaus<\/strong>: nimi, s\u00e4hk\u00f6postiosoite, kiinnostuksen kohteet (uutiskirjetyyppi)<\/li>\n\n\n\n<li><strong>Kurssin osto<\/strong>: nimi, osoite, maksutiedot (esim. maksutapa, laskutustiedot) <em>Huom! Kurssien ostaminen ei ole viel\u00e4 mahdollista. Avaamme maksumahdollisuudet my\u00f6hemmin, kun maksupalvelusopimukset ovat valmiit.<\/em><\/li>\n\n\n\n<li><strong>Sivuston k\u00e4ytt\u00f6<\/strong>: anonyymi analytiikka (esim. sivulataukset, k\u00e4ytt\u00f6aika, selaintyyppi)<\/li>\n\n\n\n<li><strong>Varaustiedot: <\/strong>k\u00e4yt\u00e4mme <a href=\"http:\/\/Vello.fi\">Vello.fi <\/a>ajanvarausj\u00e4rjestelm\u00e4\u00e4, johon ker\u00e4\u00e4mme asiakasvarausten tiedot, ja tietoa asiakkaista heill\u00e4 oma <a href=\"https:\/\/www.vello.fi\/fi\/tietosuojaseloste\">tietoturvaselosteensa<\/a>.<\/li>\n<\/ul>\n\n\n\n<p>Kommentointia ei ole k\u00e4yt\u00f6ss\u00e4, mutta jos arvostelutoiminto otetaan k\u00e4ytt\u00f6\u00f6n, p\u00e4ivit\u00e4mme t\u00e4m\u00e4n selosteen sen mukaisesti.<\/p>\n\n\n\n<h3 class=\"wp-block-heading\">3. Mihin tietoja k\u00e4ytet\u00e4\u00e4n?<\/h3>\n\n\n\n<p>K\u00e4yt\u00e4mme tietoja vain seuraaviin tarkoituksiin:<\/p>\n\n\n\n<ul class=\"wp-block-list\">\n<li>Uutiskirjeiden l\u00e4hett\u00e4miseen ja sis\u00e4ll\u00f6n kohdentamiseen<\/li>\n\n\n\n<li>Kurssien myyntiin, toimitukseen ja asiakaspalveluun <em>Huom! Kurssien ostaminen ei ole viel\u00e4 k\u00e4yt\u00f6ss\u00e4, mutta maksutavat lis\u00e4t\u00e4\u00e4n pian. Kiitos k\u00e4rsiv\u00e4llisyydest\u00e4si!<\/em><\/li>\n\n\n\n<li>Sivuston kehitt\u00e4miseen ja k\u00e4ytt\u00f6kokemuksen parantamiseen<\/li>\n<\/ul>\n\n\n\n<p>Emme k\u00e4yt\u00e4 tietoja markkinointiin ilman suostumustasi, emmek\u00e4 luovuta niit\u00e4 eteenp\u00e4in ilman hyv\u00e4\u00e4 syyt\u00e4.<\/p>\n\n\n\n<h3 class=\"wp-block-heading\">4. Kuinka kauan tietoja s\u00e4ilytet\u00e4\u00e4n?<\/h3>\n\n\n\n<p>S\u00e4ilyt\u00e4mme tietoja vain niin kauan kuin on tarpeen \u2013 joko palvelun toteuttamiseksi tai lain edellytt\u00e4m\u00e4ll\u00e4 tavalla. Kun tiedot eiv\u00e4t en\u00e4\u00e4 ole tarpeen, ne poistetaan turvallisesti. <\/p>\n\n\n\n<h3 class=\"wp-block-heading\">5. Tietojen luovutus<\/h3>\n\n\n\n<p>Tietoja ei luovuteta kolmansille osapuolille ilman k\u00e4ytt\u00e4j\u00e4n suostumusta, ellei laki toisin vaadi. Maksutietojen k\u00e4sittelyss\u00e4 k\u00e4yt\u00e4mme luotettavaa maksupalveluntarjoajaa, joka toimii omien tietosuojak\u00e4yt\u00e4nt\u00f6jens\u00e4 mukaisesti.<\/p>\n\n\n\n<h3 class=\"wp-block-heading\">6. Ev\u00e4steet ja analytiikka<\/h3>\n\n\n\n<p>Sivustolla ei t\u00e4ll\u00e4 hetkell\u00e4 k\u00e4ytet\u00e4 ulkoisia ev\u00e4steit\u00e4. Sivuston k\u00e4vij\u00e4 analytiikkaa ker\u00e4t\u00e4\u00e4n anonyymisti. <\/p>\n\n\n\n<h3 class=\"wp-block-heading\">7. K\u00e4ytt\u00e4j\u00e4n oikeudet<\/h3>\n\n\n\n<p>K\u00e4ytt\u00e4j\u00e4ll\u00e4 on oikeus:<\/p>\n\n\n\n<ul class=\"wp-block-list\">\n<li>Tarkastaa itse\u00e4\u00e4n koskevat tiedot<\/li>\n\n\n\n<li>Pyyt\u00e4\u00e4 tietojen oikaisua tai poistamista<\/li>\n\n\n\n<li>Vastustaa tietojen k\u00e4sittely\u00e4 tai pyyt\u00e4\u00e4 sen rajoittamista<\/li>\n<\/ul>\n\n\n\n<p>Pyynn\u00f6t voi l\u00e4hett\u00e4\u00e4 s\u00e4hk\u00f6postitse osoitteeseen info [at] vedessa.fi.<\/p>\n\n\n\n<h3 class=\"wp-block-heading\">8. Tietoturva<\/h3>\n\n\n\n<p>Suojaamme henkil\u00f6tiedot teknisin ja organisatorisin toimenpitein. K\u00e4yt\u00e4mme SSL-suojausta ja rajoitamme p\u00e4\u00e4syn tietoihin vain niille, joilla on siihen oikeus. Tietoturva ei ole meille vain tekninen asia \u2013 se on osa luottamusta, jota haluamme rakentaa kanssasi.<\/p>\n\n\n\n<p><\/p>\n\n\n\n<p><\/p>\n\n\n\n<p><\/p>\n","protected":false},"excerpt":{"rendered":"<p>\ud83d\udee1\ufe0f Tietosuojaseloste P\u00e4ivitetty: 11.11.2025 Vedess\u00e4.fi on syntynyt halusta auttaa aikuisia voittamaan vedenpelko ja oppimaan uimaan turvallisesti ja lempe\u00e4sti. Tietosuoja on meille yht\u00e4 t\u00e4rke\u00e4\u00e4 kuin turvallisuus vedess\u00e4 \u2013 siksi haluamme kertoa avoimesti, miten k\u00e4sittelemme henkil\u00f6tietoja. 1. Rekisterinpit\u00e4j\u00e4 Vedess\u00e4 Y-tunnus: 3578038-5 S\u00e4hk\u00f6posti: info@vedessa.fi Rekisterinpit\u00e4j\u00e4ll\u00e4 ei ole fyysist\u00e4 toimipistett\u00e4. Yhteydenotot s\u00e4hk\u00f6postitse. 2. Mit\u00e4 [&hellip;]<\/p>\n","protected":false},"author":2,"featured_media":77,"parent":0,"menu_order":0,"comment_status":"closed","ping_status":"open","template":"","meta":{"_themeisle_gutenberg_block_has_review":false,"footnotes":""},"class_list":["post-3","page","type-page","status-publish","has-post-thumbnail","hentry"],"yoast_head":"<!-- This site is optimized with the Yoast SEO plugin v27.4 - https:\/\/yoast.com\/product\/yoast-seo-wordpress\/ -->\n<title>Privacy Policy - Vedess&auml;<\/title>\n<meta name=\"description\" content=\"Tietosuojaseloste kertoo, miten Vedess\u00e4 ker\u00e4\u00e4, k\u00e4ytt\u00e4\u00e4 ja suojaa henkil\u00f6tietoja verkkosivustollaan\" \/>\n<meta name=\"robots\" content=\"index, follow, max-snippet:-1, max-image-preview:large, max-video-preview:-1\" \/>\n<link rel=\"canonical\" href=\"https:\/\/www.vedessa.fi\/en\/privacy-policy\/\" \/>\n<meta property=\"og:locale\" content=\"en_US\" \/>\n<meta property=\"og:type\" content=\"article\" \/>\n<meta property=\"og:title\" content=\"Tietoturvaseloste\" \/>\n<meta property=\"og:description\" content=\"T\u00e4m\u00e4 tietosuojaseloste kertoo, miten Vedess\u00e4 ker\u00e4\u00e4, k\u00e4ytt\u00e4\u00e4 ja suojaa henkil\u00f6tietoja verkkosivustollaan\" \/>\n<meta property=\"og:url\" content=\"https:\/\/www.vedessa.fi\/en\/privacy-policy\/\" \/>\n<meta property=\"og:site_name\" content=\"Vedess&auml;\" \/>\n<meta property=\"article:modified_time\" content=\"2025-11-11T17:11:32+00:00\" \/>\n<meta property=\"og:image\" content=\"https:\/\/mlvksqtuqlc7.i.optimole.com\/w:auto\/h:auto\/q:mauto\/g:sm\/f:best\/https:\/\/www.vedessa.fi\/wp-content\/uploads\/2025\/09\/logo_with-wavyslogan.png\" \/>\n\t<meta property=\"og:image:width\" content=\"1024\" \/>\n\t<meta property=\"og:image:height\" content=\"1024\" \/>\n\t<meta property=\"og:image:type\" content=\"image\/png\" \/>\n<meta name=\"twitter:card\" content=\"summary_large_image\" \/>\n<meta name=\"twitter:label1\" content=\"Est. reading time\" \/>\n\t<meta name=\"twitter:data1\" content=\"3 minutes\" \/>\n<script type=\"application\/ld+json\" class=\"yoast-schema-graph\">{\"@context\":\"https:\\\/\\\/schema.org\",\"@graph\":[{\"@type\":\"WebPage\",\"@id\":\"https:\\\/\\\/www.vedessa.fi\\\/privacy-policy\\\/\",\"url\":\"https:\\\/\\\/www.vedessa.fi\\\/privacy-policy\\\/\",\"name\":\"Privacy Policy - Vedess&auml;\",\"isPartOf\":{\"@id\":\"https:\\\/\\\/www.vedessa.fi\\\/#website\"},\"primaryImageOfPage\":{\"@id\":\"https:\\\/\\\/www.vedessa.fi\\\/privacy-policy\\\/#primaryimage\"},\"image\":{\"@id\":\"https:\\\/\\\/www.vedessa.fi\\\/privacy-policy\\\/#primaryimage\"},\"thumbnailUrl\":\"https:\\/\\/www.vedessa.fi\\/wp-content\\/uploads\\/2025\\/09\\/logo_with-wavyslogan.png\",\"datePublished\":\"2025-09-03T21:14:21+00:00\",\"dateModified\":\"2025-11-11T17:11:32+00:00\",\"description\":\"Tietosuojaseloste kertoo, miten Vedess\u00e4 ker\u00e4\u00e4, k\u00e4ytt\u00e4\u00e4 ja suojaa henkil\u00f6tietoja verkkosivustollaan\",\"breadcrumb\":{\"@id\":\"https:\\\/\\\/www.vedessa.fi\\\/privacy-policy\\\/#breadcrumb\"},\"inLanguage\":\"en-US\",\"potentialAction\":[{\"@type\":\"ReadAction\",\"target\":[\"https:\\\/\\\/www.vedessa.fi\\\/privacy-policy\\\/\"]}]},{\"@type\":\"ImageObject\",\"inLanguage\":\"en-US\",\"@id\":\"https:\\\/\\\/www.vedessa.fi\\\/privacy-policy\\\/#primaryimage\",\"url\":\"https:\\/\\/www.vedessa.fi\\/wp-content\\/uploads\\/2025\\/09\\/logo_with-wavyslogan.png\",\"contentUrl\":\"https:\\/\\/www.vedessa.fi\\/wp-content\\/uploads\\/2025\\/09\\/logo_with-wavyslogan.png\",\"width\":1024,\"height\":1024,\"caption\":\"Vedess\u00e4 logo\"},{\"@type\":\"BreadcrumbList\",\"@id\":\"https:\\\/\\\/www.vedessa.fi\\\/privacy-policy\\\/#breadcrumb\",\"itemListElement\":[{\"@type\":\"ListItem\",\"position\":1,\"name\":\"Etusivu\",\"item\":\"https:\\\/\\\/www.vedessa.fi\\\/\"},{\"@type\":\"ListItem\",\"position\":2,\"name\":\"Privacy Policy\"}]},{\"@type\":\"WebSite\",\"@id\":\"https:\\\/\\\/www.vedessa.fi\\\/#website\",\"url\":\"https:\\\/\\\/www.vedessa.fi\\\/\",\"name\":\"Vedessa.fi\",\"description\":\"Vedess&auml; on hyv&auml; olla\",\"publisher\":{\"@id\":\"https:\\\/\\\/www.vedessa.fi\\\/#organization\"},\"potentialAction\":[{\"@type\":\"SearchAction\",\"target\":{\"@type\":\"EntryPoint\",\"urlTemplate\":\"https:\\\/\\\/www.vedessa.fi\\\/?s={search_term_string}\"},\"query-input\":{\"@type\":\"PropertyValueSpecification\",\"valueRequired\":true,\"valueName\":\"search_term_string\"}}],\"inLanguage\":\"en-US\"},{\"@type\":\"Organization\",\"@id\":\"https:\\\/\\\/www.vedessa.fi\\\/#organization\",\"name\":\"Vedessa.fi\",\"url\":\"https:\\\/\\\/www.vedessa.fi\\\/\",\"logo\":{\"@type\":\"ImageObject\",\"inLanguage\":\"en-US\",\"@id\":\"https:\\\/\\\/www.vedessa.fi\\\/#\\\/schema\\\/logo\\\/image\\\/\",\"url\":\"https:\\/\\/www.vedessa.fi\\/wp-content\\/uploads\\/2025\\/09\\/cropped-vedessa_logo.png\",\"contentUrl\":\"https:\\/\\/www.vedessa.fi\\/wp-content\\/uploads\\/2025\\/09\\/cropped-vedessa_logo.png\",\"width\":1024,\"height\":683,\"caption\":\"Vedessa.fi\"},\"image\":{\"@id\":\"https:\\\/\\\/www.vedessa.fi\\\/#\\\/schema\\\/logo\\\/image\\\/\"}}]}<\/script>\n<!-- \/ Yoast SEO plugin. -->","yoast_head_json":{"title":"Privacy Policy - Vedess&auml;","description":"Tietosuojaseloste kertoo, miten Vedess\u00e4 ker\u00e4\u00e4, k\u00e4ytt\u00e4\u00e4 ja suojaa henkil\u00f6tietoja verkkosivustollaan","robots":{"index":"index","follow":"follow","max-snippet":"max-snippet:-1","max-image-preview":"max-image-preview:large","max-video-preview":"max-video-preview:-1"},"canonical":"https:\/\/www.vedessa.fi\/en\/privacy-policy\/","og_locale":"en_US","og_type":"article","og_title":"Tietoturvaseloste","og_description":"T\u00e4m\u00e4 tietosuojaseloste kertoo, miten Vedess\u00e4 ker\u00e4\u00e4, k\u00e4ytt\u00e4\u00e4 ja suojaa henkil\u00f6tietoja verkkosivustollaan","og_url":"https:\/\/www.vedessa.fi\/en\/privacy-policy\/","og_site_name":"Vedess&auml;","article_modified_time":"2025-11-11T17:11:32+00:00","og_image":[{"width":1024,"height":1024,"url":"https:\/\/mlvksqtuqlc7.i.optimole.com\/w:auto\/h:auto\/q:mauto\/g:sm\/f:best\/https:\/\/www.vedessa.fi\/wp-content\/uploads\/2025\/09\/logo_with-wavyslogan.png","type":"image\/png"}],"twitter_card":"summary_large_image","twitter_misc":{"Est. reading time":"3 minutes"},"schema":{"@context":"https:\/\/schema.org","@graph":[{"@type":"WebPage","@id":"https:\/\/www.vedessa.fi\/privacy-policy\/","url":"https:\/\/www.vedessa.fi\/privacy-policy\/","name":"Privacy Policy - Vedess&auml;","isPartOf":{"@id":"https:\/\/www.vedessa.fi\/#website"},"primaryImageOfPage":{"@id":"https:\/\/www.vedessa.fi\/privacy-policy\/#primaryimage"},"image":{"@id":"https:\/\/www.vedessa.fi\/privacy-policy\/#primaryimage"},"thumbnailUrl":"https:\/\/mlvksqtuqlc7.i.optimole.com\/w:auto\/h:auto\/q:mauto\/g:sm\/f:best\/https:\/\/www.vedessa.fi\/wp-content\/uploads\/2025\/09\/logo_with-wavyslogan.png","datePublished":"2025-09-03T21:14:21+00:00","dateModified":"2025-11-11T17:11:32+00:00","description":"Tietosuojaseloste kertoo, miten Vedess\u00e4 ker\u00e4\u00e4, k\u00e4ytt\u00e4\u00e4 ja suojaa henkil\u00f6tietoja verkkosivustollaan","breadcrumb":{"@id":"https:\/\/www.vedessa.fi\/privacy-policy\/#breadcrumb"},"inLanguage":"en-US","potentialAction":[{"@type":"ReadAction","target":["https:\/\/www.vedessa.fi\/privacy-policy\/"]}]},{"@type":"ImageObject","inLanguage":"en-US","@id":"https:\/\/www.vedessa.fi\/privacy-policy\/#primaryimage","url":"https:\/\/mlvksqtuqlc7.i.optimole.com\/w:auto\/h:auto\/q:mauto\/g:sm\/f:best\/https:\/\/www.vedessa.fi\/wp-content\/uploads\/2025\/09\/logo_with-wavyslogan.png","contentUrl":"https:\/\/mlvksqtuqlc7.i.optimole.com\/w:auto\/h:auto\/q:mauto\/g:sm\/f:best\/https:\/\/www.vedessa.fi\/wp-content\/uploads\/2025\/09\/logo_with-wavyslogan.png","width":1024,"height":1024,"caption":"Vedess\u00e4 logo"},{"@type":"BreadcrumbList","@id":"https:\/\/www.vedessa.fi\/privacy-policy\/#breadcrumb","itemListElement":[{"@type":"ListItem","position":1,"name":"Etusivu","item":"https:\/\/www.vedessa.fi\/"},{"@type":"ListItem","position":2,"name":"Privacy Policy"}]},{"@type":"WebSite","@id":"https:\/\/www.vedessa.fi\/#website","url":"https:\/\/www.vedessa.fi\/","name":"Vedessa.fi","description":"In the water, everything feels right","publisher":{"@id":"https:\/\/www.vedessa.fi\/#organization"},"potentialAction":[{"@type":"SearchAction","target":{"@type":"EntryPoint","urlTemplate":"https:\/\/www.vedessa.fi\/?s={search_term_string}"},"query-input":{"@type":"PropertyValueSpecification","valueRequired":true,"valueName":"search_term_string"}}],"inLanguage":"en-US"},{"@type":"Organization","@id":"https:\/\/www.vedessa.fi\/#organization","name":"Vedessa.fi","url":"https:\/\/www.vedessa.fi\/","logo":{"@type":"ImageObject","inLanguage":"en-US","@id":"https:\/\/www.vedessa.fi\/#\/schema\/logo\/image\/","url":"https:\/\/mlvksqtuqlc7.i.optimole.com\/w:auto\/h:auto\/q:mauto\/g:sm\/f:best\/https:\/\/www.vedessa.fi\/wp-content\/uploads\/2025\/09\/cropped-vedessa_logo.png","contentUrl":"https:\/\/mlvksqtuqlc7.i.optimole.com\/w:auto\/h:auto\/q:mauto\/g:sm\/f:best\/https:\/\/www.vedessa.fi\/wp-content\/uploads\/2025\/09\/cropped-vedessa_logo.png","width":1024,"height":683,"caption":"Vedessa.fi"},"image":{"@id":"https:\/\/www.vedessa.fi\/#\/schema\/logo\/image\/"}}]}},"_links":{"self":[{"href":"https:\/\/www.vedessa.fi\/en\/wp-json\/wp\/v2\/pages\/3","targetHints":{"allow":["GET"]}}],"collection":[{"href":"https:\/\/www.vedessa.fi\/en\/wp-json\/wp\/v2\/pages"}],"about":[{"href":"https:\/\/www.vedessa.fi\/en\/wp-json\/wp\/v2\/types\/page"}],"author":[{"embeddable":true,"href":"https:\/\/www.vedessa.fi\/en\/wp-json\/wp\/v2\/users\/2"}],"replies":[{"embeddable":true,"href":"https:\/\/www.vedessa.fi\/en\/wp-json\/wp\/v2\/comments?post=3"}],"version-history":[{"count":12,"href":"https:\/\/www.vedessa.fi\/en\/wp-json\/wp\/v2\/pages\/3\/revisions"}],"predecessor-version":[{"id":291,"href":"https:\/\/www.vedessa.fi\/en\/wp-json\/wp\/v2\/pages\/3\/revisions\/291"}],"wp:featuredmedia":[{"embeddable":true,"href":"https:\/\/www.vedessa.fi\/en\/wp-json\/wp\/v2\/media\/77"}],"wp:attachment":[{"href":"https:\/\/www.vedessa.fi\/en\/wp-json\/wp\/v2\/media?parent=3"}],"curies":[{"name":"wp","href":"https:\/\/api.w.org\/{rel}","templated":true}]}}