{"id":328,"date":"2025-12-03T09:58:29","date_gmt":"2025-12-03T07:58:29","guid":{"rendered":"https:\/\/www.vedessa.fi\/?page_id=328"},"modified":"2026-03-10T10:16:43","modified_gmt":"2026-03-10T08:16:43","slug":"ajanvaraus","status":"publish","type":"page","link":"https:\/\/www.vedessa.fi\/en\/ajanvaraus\/","title":{"rendered":"Book Your Lesson \u2013 Adult Swimming Lessons in Oulu"},"content":{"rendered":"\n<h2 class=\"wp-block-heading\">Varaa aikasi &#8211; Aikuisten uimaopetukseen Oulussa<\/h2>\n\n\n\n<p>Vedess\u00e4.fi tarjoaa yksityist\u00e4 ja pienryhm\u00e4uimaopetusta aikuisille Oulussa.T\u00e4lt\u00e4 sivulta voit varata ajan helposti ilmaiseen alkukartoituksen 15 min. Jokainen varaus on askel kohti varmaa uimataitoa, hengityst\u00e4 ja vesipelon voittamista. <\/p>\n\n\n\n<p>Meill\u00e4 voit my\u00f6s maksaa liikuntaeduilla. <strong>Huom.<\/strong> Jos et l\u00f6yd\u00e4 sopivaa aikaa, laita ihmeess\u00e4 viesti\u00e4 s\u00e4hk\u00f6postitse (info[a]vedessa.fi) tai <a href=\"https:\/\/www.vedessa.fi\/contact\/\" type=\"page\" id=\"14\">yhteydenottolomakkeella <\/a>ja sovitaan se yhdess\u00e4.<\/p>\n\n\n\n\n\n<div class=\"vello-wrapper\">\n<div class=\"vello-frame\"><script src=\"https:\/\/static.vello.fi\/embed\/v1.js\" async=\"\" data-url=\"vedessa\" data-lang=\"en\"><\/script><\/div>\n<div><\/div>\n<\/div>\n\n\n\n<p>\ud83d\udca1 Suosittelemme aina <strong>itsen\u00e4ist\u00e4 uintiharjoittelua tapaamisten v\u00e4lill\u00e4<\/strong> \u2014 se on paras tapa vied\u00e4 opitut asiat k\u00e4yt\u00e4nt\u00f6\u00f6n ja vahvistaa n\u00e4it\u00e4 taitoja.<\/p>\n\n\n\n<p><\/p>\n","protected":false},"excerpt":{"rendered":"<p>Varaa aikasi &#8211; Aikuisten uimaopetukseen Oulussa Vedess\u00e4.fi tarjoaa yksityist\u00e4 ja pienryhm\u00e4uimaopetusta aikuisille Oulussa.T\u00e4lt\u00e4 sivulta voit varata ajan helposti ilmaiseen alkukartoituksen 15 min. Jokainen varaus on askel kohti varmaa uimataitoa, hengityst\u00e4 ja vesipelon voittamista. Meill\u00e4 voit my\u00f6s maksaa liikuntaeduilla. Huom. Jos et l\u00f6yd\u00e4 sopivaa aikaa, laita ihmeess\u00e4 viesti\u00e4 s\u00e4hk\u00f6postitse (info[a]vedessa.fi) tai [&hellip;]<\/p>\n","protected":false},"author":2,"featured_media":355,"parent":0,"menu_order":0,"comment_status":"closed","ping_status":"closed","template":"","meta":{"_themeisle_gutenberg_block_has_review":false,"footnotes":""},"class_list":["post-328","page","type-page","status-publish","has-post-thumbnail","hentry"],"yoast_head":"<!-- This site is optimized with the Yoast SEO plugin v27.4 - https:\/\/yoast.com\/product\/yoast-seo-wordpress\/ -->\n<title>Ajanvaraus \u2013 Aikuisten uimaopetus Oulussa | Vedess\u00e4.fi<\/title>\n<meta name=\"description\" content=\"Varaa aikasi helposti. Vedess\u00e4.fi tarjoaa aikuisten uimaopetusta Oulussa ja verkkokursseja vesipelon voittamiseen\" \/>\n<meta name=\"robots\" content=\"index, follow, max-snippet:-1, max-image-preview:large, max-video-preview:-1\" \/>\n<link rel=\"canonical\" href=\"https:\/\/www.vedessa.fi\/en\/ajanvaraus\/\" \/>\n<meta property=\"og:locale\" content=\"en_US\" \/>\n<meta property=\"og:type\" content=\"article\" \/>\n<meta property=\"og:title\" content=\"Ajanvaraus \u2013 Aikuisten uimaopetus Oulussa | Vedess\u00e4.fi\" \/>\n<meta property=\"og:description\" content=\"Varaa aikasi helposti. Vedess\u00e4.fi tarjoaa aikuisten uimaopetusta Oulussa ja verkkokursseja vesipelon voittamiseen\" \/>\n<meta property=\"og:url\" content=\"https:\/\/www.vedessa.fi\/en\/ajanvaraus\/\" \/>\n<meta property=\"og:site_name\" content=\"Vedess&auml;\" \/>\n<meta property=\"article:modified_time\" content=\"2026-03-10T08:16:43+00:00\" \/>\n<meta property=\"og:image\" content=\"https:\/\/mlvksqtuqlc7.i.optimole.com\/w:auto\/h:auto\/q:mauto\/g:sm\/f:best\/https:\/\/www.vedessa.fi\/wp-content\/uploads\/2025\/12\/Taustakuva.png\" \/>\n\t<meta property=\"og:image:width\" content=\"1024\" \/>\n\t<meta property=\"og:image:height\" content=\"576\" \/>\n\t<meta property=\"og:image:type\" content=\"image\/png\" \/>\n<meta name=\"twitter:card\" content=\"summary_large_image\" \/>\n<meta name=\"twitter:label1\" content=\"Est. reading time\" \/>\n\t<meta name=\"twitter:data1\" content=\"1 minute\" \/>\n<script type=\"application\/ld+json\" class=\"yoast-schema-graph\">{\"@context\":\"https:\\\/\\\/schema.org\",\"@graph\":[{\"@type\":\"WebPage\",\"@id\":\"https:\\\/\\\/www.vedessa.fi\\\/ajanvaraus\\\/\",\"url\":\"https:\\\/\\\/www.vedessa.fi\\\/ajanvaraus\\\/\",\"name\":\"Ajanvaraus \u2013 Aikuisten uimaopetus Oulussa | Vedess\u00e4.fi\",\"isPartOf\":{\"@id\":\"https:\\\/\\\/www.vedessa.fi\\\/#website\"},\"primaryImageOfPage\":{\"@id\":\"https:\\\/\\\/www.vedessa.fi\\\/ajanvaraus\\\/#primaryimage\"},\"image\":{\"@id\":\"https:\\\/\\\/www.vedessa.fi\\\/ajanvaraus\\\/#primaryimage\"},\"thumbnailUrl\":\"https:\\/\\/www.vedessa.fi\\/wp-content\\/uploads\\/2025\\/12\\/Taustakuva.png\",\"datePublished\":\"2025-12-03T07:58:29+00:00\",\"dateModified\":\"2026-03-10T08:16:43+00:00\",\"description\":\"Varaa aikasi helposti. Vedess\u00e4.fi tarjoaa aikuisten uimaopetusta Oulussa ja verkkokursseja vesipelon voittamiseen\",\"breadcrumb\":{\"@id\":\"https:\\\/\\\/www.vedessa.fi\\\/ajanvaraus\\\/#breadcrumb\"},\"inLanguage\":\"en-US\",\"potentialAction\":[{\"@type\":\"ReadAction\",\"target\":[\"https:\\\/\\\/www.vedessa.fi\\\/ajanvaraus\\\/\"]}]},{\"@type\":\"ImageObject\",\"inLanguage\":\"en-US\",\"@id\":\"https:\\\/\\\/www.vedessa.fi\\\/ajanvaraus\\\/#primaryimage\",\"url\":\"https:\\/\\/www.vedessa.fi\\/wp-content\\/uploads\\/2025\\/12\\/Taustakuva.png\",\"contentUrl\":\"https:\\/\\/www.vedessa.fi\\/wp-content\\/uploads\\/2025\\/12\\/Taustakuva.png\",\"width\":1024,\"height\":576},{\"@type\":\"BreadcrumbList\",\"@id\":\"https:\\\/\\\/www.vedessa.fi\\\/ajanvaraus\\\/#breadcrumb\",\"itemListElement\":[{\"@type\":\"ListItem\",\"position\":1,\"name\":\"Etusivu\",\"item\":\"https:\\\/\\\/www.vedessa.fi\\\/\"},{\"@type\":\"ListItem\",\"position\":2,\"name\":\"Ajanvaraus &#8211; Aikuisten uimaopetus\"}]},{\"@type\":\"WebSite\",\"@id\":\"https:\\\/\\\/www.vedessa.fi\\\/#website\",\"url\":\"https:\\\/\\\/www.vedessa.fi\\\/\",\"name\":\"Vedessa.fi\",\"description\":\"Vedess&auml; on hyv&auml; olla\",\"publisher\":{\"@id\":\"https:\\\/\\\/www.vedessa.fi\\\/#organization\"},\"potentialAction\":[{\"@type\":\"SearchAction\",\"target\":{\"@type\":\"EntryPoint\",\"urlTemplate\":\"https:\\\/\\\/www.vedessa.fi\\\/?s={search_term_string}\"},\"query-input\":{\"@type\":\"PropertyValueSpecification\",\"valueRequired\":true,\"valueName\":\"search_term_string\"}}],\"inLanguage\":\"en-US\"},{\"@type\":\"Organization\",\"@id\":\"https:\\\/\\\/www.vedessa.fi\\\/#organization\",\"name\":\"Vedessa.fi\",\"url\":\"https:\\\/\\\/www.vedessa.fi\\\/\",\"logo\":{\"@type\":\"ImageObject\",\"inLanguage\":\"en-US\",\"@id\":\"https:\\\/\\\/www.vedessa.fi\\\/#\\\/schema\\\/logo\\\/image\\\/\",\"url\":\"https:\\/\\/www.vedessa.fi\\/wp-content\\/uploads\\/2025\\/09\\/cropped-vedessa_logo.png\",\"contentUrl\":\"https:\\/\\/www.vedessa.fi\\/wp-content\\/uploads\\/2025\\/09\\/cropped-vedessa_logo.png\",\"width\":1024,\"height\":683,\"caption\":\"Vedessa.fi\"},\"image\":{\"@id\":\"https:\\\/\\\/www.vedessa.fi\\\/#\\\/schema\\\/logo\\\/image\\\/\"}}]}<\/script>\n<!-- \/ Yoast SEO plugin. -->","yoast_head_json":{"title":"Ajanvaraus \u2013 Aikuisten uimaopetus Oulussa | Vedess\u00e4.fi","description":"Varaa aikasi helposti. Vedess\u00e4.fi tarjoaa aikuisten uimaopetusta Oulussa ja verkkokursseja vesipelon voittamiseen","robots":{"index":"index","follow":"follow","max-snippet":"max-snippet:-1","max-image-preview":"max-image-preview:large","max-video-preview":"max-video-preview:-1"},"canonical":"https:\/\/www.vedessa.fi\/en\/ajanvaraus\/","og_locale":"en_US","og_type":"article","og_title":"Ajanvaraus \u2013 Aikuisten uimaopetus Oulussa | Vedess\u00e4.fi","og_description":"Varaa aikasi helposti. Vedess\u00e4.fi tarjoaa aikuisten uimaopetusta Oulussa ja verkkokursseja vesipelon voittamiseen","og_url":"https:\/\/www.vedessa.fi\/en\/ajanvaraus\/","og_site_name":"Vedess&auml;","article_modified_time":"2026-03-10T08:16:43+00:00","og_image":[{"width":1024,"height":576,"url":"https:\/\/mlvksqtuqlc7.i.optimole.com\/w:auto\/h:auto\/q:mauto\/g:sm\/f:best\/https:\/\/www.vedessa.fi\/wp-content\/uploads\/2025\/12\/Taustakuva.png","type":"image\/png"}],"twitter_card":"summary_large_image","twitter_misc":{"Est. reading time":"1 minute"},"schema":{"@context":"https:\/\/schema.org","@graph":[{"@type":"WebPage","@id":"https:\/\/www.vedessa.fi\/ajanvaraus\/","url":"https:\/\/www.vedessa.fi\/ajanvaraus\/","name":"Ajanvaraus \u2013 Aikuisten uimaopetus Oulussa | Vedess\u00e4.fi","isPartOf":{"@id":"https:\/\/www.vedessa.fi\/#website"},"primaryImageOfPage":{"@id":"https:\/\/www.vedessa.fi\/ajanvaraus\/#primaryimage"},"image":{"@id":"https:\/\/www.vedessa.fi\/ajanvaraus\/#primaryimage"},"thumbnailUrl":"https:\/\/mlvksqtuqlc7.i.optimole.com\/w:auto\/h:auto\/q:mauto\/g:sm\/f:best\/https:\/\/www.vedessa.fi\/wp-content\/uploads\/2025\/12\/Taustakuva.png","datePublished":"2025-12-03T07:58:29+00:00","dateModified":"2026-03-10T08:16:43+00:00","description":"Varaa aikasi helposti. Vedess\u00e4.fi tarjoaa aikuisten uimaopetusta Oulussa ja verkkokursseja vesipelon voittamiseen","breadcrumb":{"@id":"https:\/\/www.vedessa.fi\/ajanvaraus\/#breadcrumb"},"inLanguage":"en-US","potentialAction":[{"@type":"ReadAction","target":["https:\/\/www.vedessa.fi\/ajanvaraus\/"]}]},{"@type":"ImageObject","inLanguage":"en-US","@id":"https:\/\/www.vedessa.fi\/ajanvaraus\/#primaryimage","url":"https:\/\/mlvksqtuqlc7.i.optimole.com\/w:auto\/h:auto\/q:mauto\/g:sm\/f:best\/https:\/\/www.vedessa.fi\/wp-content\/uploads\/2025\/12\/Taustakuva.png","contentUrl":"https:\/\/mlvksqtuqlc7.i.optimole.com\/w:auto\/h:auto\/q:mauto\/g:sm\/f:best\/https:\/\/www.vedessa.fi\/wp-content\/uploads\/2025\/12\/Taustakuva.png","width":1024,"height":576},{"@type":"BreadcrumbList","@id":"https:\/\/www.vedessa.fi\/ajanvaraus\/#breadcrumb","itemListElement":[{"@type":"ListItem","position":1,"name":"Etusivu","item":"https:\/\/www.vedessa.fi\/"},{"@type":"ListItem","position":2,"name":"Ajanvaraus &#8211; Aikuisten uimaopetus"}]},{"@type":"WebSite","@id":"https:\/\/www.vedessa.fi\/#website","url":"https:\/\/www.vedessa.fi\/","name":"Vedessa.fi","description":"In the water, everything feels right","publisher":{"@id":"https:\/\/www.vedessa.fi\/#organization"},"potentialAction":[{"@type":"SearchAction","target":{"@type":"EntryPoint","urlTemplate":"https:\/\/www.vedessa.fi\/?s={search_term_string}"},"query-input":{"@type":"PropertyValueSpecification","valueRequired":true,"valueName":"search_term_string"}}],"inLanguage":"en-US"},{"@type":"Organization","@id":"https:\/\/www.vedessa.fi\/#organization","name":"Vedessa.fi","url":"https:\/\/www.vedessa.fi\/","logo":{"@type":"ImageObject","inLanguage":"en-US","@id":"https:\/\/www.vedessa.fi\/#\/schema\/logo\/image\/","url":"https:\/\/mlvksqtuqlc7.i.optimole.com\/w:auto\/h:auto\/q:mauto\/g:sm\/f:best\/https:\/\/www.vedessa.fi\/wp-content\/uploads\/2025\/09\/cropped-vedessa_logo.png","contentUrl":"https:\/\/mlvksqtuqlc7.i.optimole.com\/w:auto\/h:auto\/q:mauto\/g:sm\/f:best\/https:\/\/www.vedessa.fi\/wp-content\/uploads\/2025\/09\/cropped-vedessa_logo.png","width":1024,"height":683,"caption":"Vedessa.fi"},"image":{"@id":"https:\/\/www.vedessa.fi\/#\/schema\/logo\/image\/"}}]}},"_links":{"self":[{"href":"https:\/\/www.vedessa.fi\/en\/wp-json\/wp\/v2\/pages\/328","targetHints":{"allow":["GET"]}}],"collection":[{"href":"https:\/\/www.vedessa.fi\/en\/wp-json\/wp\/v2\/pages"}],"about":[{"href":"https:\/\/www.vedessa.fi\/en\/wp-json\/wp\/v2\/types\/page"}],"author":[{"embeddable":true,"href":"https:\/\/www.vedessa.fi\/en\/wp-json\/wp\/v2\/users\/2"}],"replies":[{"embeddable":true,"href":"https:\/\/www.vedessa.fi\/en\/wp-json\/wp\/v2\/comments?post=328"}],"version-history":[{"count":21,"href":"https:\/\/www.vedessa.fi\/en\/wp-json\/wp\/v2\/pages\/328\/revisions"}],"predecessor-version":[{"id":514,"href":"https:\/\/www.vedessa.fi\/en\/wp-json\/wp\/v2\/pages\/328\/revisions\/514"}],"wp:featuredmedia":[{"embeddable":true,"href":"https:\/\/www.vedessa.fi\/en\/wp-json\/wp\/v2\/media\/355"}],"wp:attachment":[{"href":"https:\/\/www.vedessa.fi\/en\/wp-json\/wp\/v2\/media?parent=328"}],"curies":[{"name":"wp","href":"https:\/\/api.w.org\/{rel}","templated":true}]}}